{"id":21,"date":"2021-06-15T22:22:04","date_gmt":"2021-06-15T20:22:04","guid":{"rendered":"http:\/\/jatka.eu\/?page_id=21"},"modified":"2023-05-13T23:07:26","modified_gmt":"2023-05-13T21:07:26","slug":"regulamin","status":"publish","type":"page","link":"https:\/\/jatka.eu\/index.php\/regulamin\/","title":{"rendered":"REGULAMIN"},"content":{"rendered":"\n<p class=\"has-text-align-center\"><strong>REGULAMIN IMPREZY NA ORIENTACJ\u0118<\/strong><\/p>\n\n\n\n<p class=\"has-text-align-center\"><strong>JATKA 11<br>20 maja 2023r., Gmina Nowiny<\/strong><\/p>\n\n\n\n<p><strong>1. Organizator<\/strong><\/p>\n\n\n\n<ul>\n<li>Organizatorem imprezy jest:<\/li>\n<\/ul>\n\n\n\n<p>Oxygen \u0141ukasz Korzeniewski<br>NIP 949 207 31 03<br>tel. 505 27 55 28<\/p>\n\n\n\n<p><strong>2. Termin i miejsce<\/strong><\/p>\n\n\n\n<ul>\n<li>19-21 maja 2023r.<\/li>\n\n\n\n<li>Baza rajdu: Zesp\u00f3\u0142 Szk\u00f3\u0142 Ponadpodstawowych w Nowinach, ul. Gimnazjalna 1, 26-052 Sitk\u00f3wka<\/li>\n\n\n\n<li>Szczeg\u00f3\u0142owy program imprezy jest dost\u0119pny na stronie zawod\u00f3w <a href=\"http:\/\/www.jatka.eu\/\"><u>www.jatka.eu<\/u><\/a><\/li>\n<\/ul>\n\n\n\n<p><strong>3. Trasy<\/strong><\/p>\n\n\n\n<ul>\n<li>Trasa piesza rodzinna 10 km (+\/- 2 km) \u2013 TP 10 \u2013 brak limitu czasowego, najp\u00f3\u017aniej mo\u017cna przyby\u0107 na met\u0119 o godz. 19:00.<\/li>\n\n\n\n<li>Trasa piesza 25 km (+\/- 3 km) \u2013 TP 25 \u2013 limit czasowy 9 godzin.<\/li>\n\n\n\n<li>Trasa piesza 50 km (+\/- 5 km) \u2013 TP 50 \u2013 limit czasowy 13 godzin.<\/li>\n\n\n\n<li>Trasa rowerowa 50 km (+\/- 5 km) \u2013 TR 50 \u2013 limit czasowy 9 godzin.<\/li>\n\n\n\n<li>Trasa rowerowa 120 km (+\/- 10 km) \u2013 TR 120 \u2013 limit czasowy 13 godzin.<\/li>\n\n\n\n<li>Na trasach TP 25, TP 50, TR 50, TR 120, mniej wi\u0119cej w po\u0142owie dystansu przewidziany jest punkt od\u017cywczy. Punkt mo\u017ce by\u0107 samoobs\u0142ugowy.<\/li>\n\n\n\n<li>Trasy s\u0105 wyznaczone w postaci punkt\u00f3w kontrolnych oznaczonych lampionami o wymiarach 30x30cm wyposa\u017conych w elementy odblaskowe.<\/li>\n\n\n\n<li>Trasy wyznaczone s\u0105 na terenach publicznych. Obowi\u0105zkiem startuj\u0105cych jest zastosowanie si\u0119 do obowi\u0105zuj\u0105cych przepis\u00f3w prawa (w tym o Ruchu Drogowym).<\/li>\n\n\n\n<li>Droga pomi\u0119dzy punktami nie jest ustalona i zale\u017cy jedynie od woli zawodnik\u00f3w.<\/li>\n\n\n\n<li>Faktycznie pokonany dystans mo\u017ce r\u00f3\u017cni\u0107 si\u0119 od podanego powy\u017cej.<\/li>\n\n\n\n<li>D\u0142ugo\u015bci tras s\u0105 liczone wzd\u0142u\u017c przejezdnych\/przebie\u017cnych element\u00f3w liniowych istniej\u0105cych na mapie.<\/li>\n\n\n\n<li>Charakter terenu: teren pag\u00f3rkowaty, cz\u0119\u015bciowo zalesiony, pod\u0142o\u017ce zr\u00f3\u017cnicowane, g\u0142\u00f3wnie lasy (przewa\u017cnie dobrze przebie\u017cne), \u0142\u0105ki, tereny uprawne. Na ca\u0142ym terenie sie\u0107 dr\u00f3g, \u015bcie\u017cek polnych oraz le\u015bnych.<\/li>\n\n\n\n<li>Skala mapy 1:50 000. Mapa autorstwa Wydawnictwo Compass.<\/li>\n<\/ul>\n\n\n\n<p><strong>4. Klasyfikacja<\/strong><\/p>\n\n\n\n<ul>\n<li>Klasyfikacja i weryfikacja zaliczenia punkt\u00f3w odbywa si\u0119 wy\u0142\u0105cznie na podstawie karty startowej. Zagubienie lub zniszczenie karty&nbsp;uniemo\u017cliwiaj\u0105ce potwierdzenie obecno\u015bci na punktach kontrolnych skutkuje niesklasyfikowaniem.<\/li>\n\n\n\n<li>Ka\u017cdy zawodnik powinien osobi\u015bcie odwiedzi\u0107 ka\u017cdy z punkt\u00f3w kontrolnych i potwierdzi\u0107 to w odpowiedni spos\u00f3b na karcie startowej.<\/li>\n\n\n\n<li>Kolejno\u015b\u0107 zaliczania punkt\u00f3w kontrolnych na wszystkich trasach jest dowolna.<\/li>\n\n\n\n<li>Aby zosta\u0107 sklasyfikowanym nale\u017cy zaliczy\u0107 co najmniej 3 punkty kontrolne. Na trasie rodzinnej to kryterium nie obowi\u0105zuje: wystarczy zaliczy\u0107 minimum 1 punkt kontrolny.<\/li>\n\n\n\n<li>Zasady klasyfikacji zawodnik\u00f3w, w kolejno\u015bci:<\/li>\n\n\n\n<li>liczba zaliczonych punkt\u00f3w kontrolnych,<\/li>\n\n\n\n<li>w przypadku takiej samej liczby zaliczonych punkt\u00f3w kontrolnych \u2013 czas zawodnika na mecie.<\/li>\n<\/ul>\n\n\n\n<p><strong>5. Rezygnacja w trakcie zawod\u00f3w<\/strong><\/p>\n\n\n\n<ul>\n<li>W przypadku wycofania si\u0119 zawodnika z rywalizacji zobowi\u0105zany jest on do niezw\u0142ocznego powiadomienia o tym Organizatora. Preferowany spos\u00f3b informacji: SMS do organizatora (nr telefonu widoczny w regulaminie oraz na mapie)<\/li>\n\n\n\n<li>W przypadku wycofania z rywalizacji, uczestnik sam zapewnia sobie \u015brodek transportu do bazy zawod\u00f3w. W szczeg\u00f3lnych przypadkach mo\u017cliwy jest transport zawodnika do bazy zawod\u00f3w za dodatkow\u0105 op\u0142at\u0105 w wysoko\u015bci 20 z\u0142otych.<\/li>\n<\/ul>\n\n\n\n<p><strong>6. Limit czasu<\/strong><\/p>\n\n\n\n<ul>\n<li>Za przekroczenie limitu czasu o ka\u017cde rozpocz\u0119te 5 minut, liczba zaliczonych punkt\u00f3w kontrolnych zostaje pomniejszona o 1 PK.<\/li>\n\n\n\n<li>Zawodnik ma obowi\u0105zek samodzielnego kontrolowania limitu czasu dla swojej trasy.<\/li>\n\n\n\n<li>Organizator nie zapewnia transportu do bazy zawod\u00f3w uczestnikom, kt\u00f3rzy po up\u0142ywie limitu czasu pozostan\u0105 na trasie.<\/li>\n<\/ul>\n\n\n\n<p><strong>7. Dyskwalifikacje<\/strong><\/p>\n\n\n\n<p>Organizator zastrzega sobie prawo wycofania z trasy zawodnika:<\/p>\n\n\n\n<ul>\n<li>W przypadku stwierdzenia przez obs\u0142ug\u0119 medyczn\u0105 niezdolno\u015bci do kontynuacji wysi\u0142ku,<\/li>\n\n\n\n<li>W przypadku z\u0142amania przepis\u00f3w niniejszego regulaminu. W szczeg\u00f3lno\u015bci za za\u015bmiecanie trasy.<\/li>\n<\/ul>\n\n\n\n<p><strong>8. Nagrody<\/strong><\/p>\n\n\n\n<ul>\n<li>Ka\u017cdy sklasyfikowany zawodnik otrzyma na mecie oryginalny medal potwierdzaj\u0105cy uczestnictwo w zawodach.<\/li>\n\n\n\n<li>Dyplomy i ewentualne nagrody rzeczowe zostan\u0105 przyznane dla trzech najlepszych kobiet i m\u0119\u017cczyzn na ka\u017cdej trasie za wyj\u0105tkiem trasy rodzinnej.<\/li>\n\n\n\n<li>Ka\u017cdy uczestnik trasy rodzinnej otrzyma dyplom uczestnictwa w zawodach oraz drobn\u0105 niespodziank\u0119 za udzia\u0142 w zawodach. Z za\u0142o\u017cenia udzia\u0142 w imprezie na trasie rodzinnej nie wi\u0105\u017ce si\u0119 z rywalizacj\u0105 sportow\u0105.<\/li>\n<\/ul>\n\n\n\n<p><strong>9. Uczestnictwo<\/strong><\/p>\n\n\n\n<p>Uczestnikiem mo\u017ce by\u0107 osoba, kt\u00f3ra:<\/p>\n\n\n\n<ul>\n<li>zapozna\u0142a si\u0119 z tre\u015bci\u0105 niniejszego regulaminu i akceptuje jego tre\u015b\u0107,<\/li>\n\n\n\n<li>wype\u0142ni\u0142a formularz zg\u0142oszeniowy dost\u0119pny na stronie <a href=\"http:\/\/www.jatka.eu\/\"><u>www.jatka.eu<\/u><\/a> (tylko do 17.05.2023 r.) lub w Biurze Zawod\u00f3w,<\/li>\n\n\n\n<li>podpisa\u0142a o\u015bwiadczenie o udziale w imprezie na w\u0142asne ryzyko i odpowiedzialno\u015b\u0107.<\/li>\n\n\n\n<li>dokona\u0142a stosownej op\u0142aty startowej \u2013 przelewem na konto organizatora b\u0105d\u017a got\u00f3wk\u0105 w bazie rajdu,<\/li>\n\n\n\n<li>osoba poni\u017cej 18. roku \u017cycia musi przedstawi\u0107 pisemn\u0105 zgod\u0119 rodzic\u00f3w lub opiekun\u00f3w na udzia\u0142 w imprezie,<\/li>\n\n\n\n<li>osoba poni\u017cej 16. roku \u017cycia mo\u017ce wzi\u0105\u0107 udzia\u0142 w imprezie tylko pod sta\u0142\u0105 opiek\u0105 osoby, kt\u00f3ra uko\u0144czy\u0142a 21 lat.<\/li>\n<\/ul>\n\n\n\n<p><strong>10. Op\u0142aty startowe<\/strong><\/p>\n\n\n\n<ul>\n<li>Wysoko\u015b\u0107 op\u0142aty startowej wynosi:<\/li>\n<\/ul>\n\n\n\n<figure class=\"wp-block-table\"><table><tbody><tr><td><br><\/td><td>rodzinna 10<\/td><td>piesza 25 \/ rowerowa 50<\/td><td>piesza 50 i 100 \/ rowerowa 120<\/td><\/tr><tr><td>Przelewem do 30 kwietnia 2023 r.<\/td><td>40 z\u0142<\/td><td>80 z\u0142<\/td><td>90 z\u0142<\/td><\/tr><tr><td>Przelewem do 17 maja 2023r.<\/td><td>40 z\u0142<\/td><td>100 z\u0142<\/td><td>110 z\u0142<\/td><\/tr><tr><td>Got\u00f3wk\u0105 w biurze zawod\u00f3w<\/td><td>50 z\u0142<\/td><td>120 z\u0142<\/td><td>130 z\u0142<\/td><\/tr><\/tbody><\/table><\/figure>\n\n\n\n<ul>\n<li>Po p\u00f3\u0142nocy 17 maja 2023 r. nie b\u0119dzie mo\u017cliwe zg\u0142oszenie si\u0119 poprzez stron\u0119 internetow\u0105, jedynie w pi\u0105tek i sobot\u0119 w biurze zawod\u00f3w, w godzinach dzia\u0142ania biura.<\/li>\n\n\n\n<li>Mieszka\u0144cy Gminy Nowiny maj\u0105 prawo do zni\u017cki w wysoko\u015bci 20% op\u0142aty startowej (op\u0142acaj\u0105 80% obowi\u0105zuj\u0105cej op\u0142aty startowej).<\/li>\n\n\n\n<li>Dane do przelewu:<br><br>\u0141ukasz Korzeniewski<br>04 1160 2202 0000 0003 1947 4985<br><br>W tytule przelewu prosimy dopisa\u0107 \u201eJatka Nowiny\u201d, imi\u0119 i nazwisko uczestnika oraz rodzaj trasy.<\/li>\n<\/ul>\n\n\n\n<p><strong>11. Wyposa\u017cenie<\/strong><\/p>\n\n\n\n<ul>\n<li><strong>Wyposa\u017cenie zabronione<\/strong>\n<ul>\n<li>mapy inne ni\u017c zapewnianie przez Organizator\u00f3w<\/li>\n\n\n\n<li>nawigacja GPS u\u017cywana w celu innym ni\u017c rejestracja (tracking) pokonywanej trasy<\/li>\n<\/ul>\n<\/li>\n\n\n\n<li><strong>Wyposa\u017cenie obowi\u0105zkowe<\/strong>\n<ul>\n<li>telefon kom\u00f3rkowy z zapisanym nr telefonu organizatora<\/li>\n\n\n\n<li>dokument to\u017csamo\u015bci<\/li>\n<\/ul>\n<\/li>\n\n\n\n<li><strong>Wyposa\u017cenie zalecane<\/strong>\n<ul>\n<li>kompas<\/li>\n\n\n\n<li>latarka, najlepiej czo\u0142\u00f3wka<\/li>\n\n\n\n<li>apteczka<\/li>\n\n\n\n<li>zapas jedzenia i picia<\/li>\n\n\n\n<li>odpowiednia odzie\u017c i nakrycie g\u0142owy<\/li>\n\n\n\n<li>folia NRC<\/li>\n<\/ul>\n<\/li>\n<\/ul>\n\n\n\n<p><strong>12. \u015awiadczenia<\/strong><\/p>\n\n\n\n<ul>\n<li>dwa noclegi w bazie rajdu (uczestnicy powinni posiada\u0107 w\u0142asne karimaty i \u015bpiwory),<\/li>\n\n\n\n<li>szatnie, toalety, prysznice w bazie rajdu,<\/li>\n\n\n\n<li>wrz\u0105tek do cel\u00f3w spo\u017cywczych,<\/li>\n\n\n\n<li>posi\u0142ek regeneracyjny i napoje na mecie,<\/li>\n\n\n\n<li>kolorowa mapa wraz z opisem trasy i zaznaczonymi punktami kontrolnymi,<\/li>\n\n\n\n<li>karta startowa,<\/li>\n\n\n\n<li>pami\u0105tkowy medal uczestnictwa.<\/li>\n<\/ul>\n\n\n\n<p><strong>13. Rezygnacja przed startem i zwrot op\u0142at<\/strong><\/p>\n\n\n\n<ul>\n<li>Zawodnik ma prawo do rezygnacji ze startu i domagania si\u0119 zwrotu op\u0142aty startowej bez podania przyczyny, najp\u00f3\u017aniej do dnia 17.05.2023 r.<\/li>\n\n\n\n<li>Po tym czasie op\u0142ata startowa nie podlega zwrotowi.<\/li>\n<\/ul>\n\n\n\n<p><strong>14. Procedura w razie wypadku<\/strong><\/p>\n\n\n\n<ul>\n<li>Ka\u017cdy zawodnik zobowi\u0105zany jest do udzielenia pomocy innym zawodnikom w razie wypadku. Je\u015bli to niezb\u0119dne, zawiadomienia odpowiednich s\u0142u\u017cb ratowniczych. Konsekwencj\u0105 nie udzielenia pomocy jest dyskwalifikacja.<\/li>\n\n\n\n<li>Zawodnikom udzielaj\u0105cym pomocy, kt\u00f3rzy nie ulegli wypadkowi zostanie przyznany bonus czasowy od Organizator\u00f3w.<\/li>\n\n\n\n<li>Zawodnicy zobowi\u0105zani s\u0105 do niezw\u0142ocznego poinformowania organizatora o wypadku.<\/li>\n\n\n\n<li>Je\u015bli dojdzie do niebezpiecznej sytuacji lub zdarzenia, a telefony kom\u00f3rkowe utrac\u0105 zasi\u0119g i niemo\u017cliwe stanie si\u0119 skontaktowanie z Organizatorami, zawodnicy na \u201ew\u0142asn\u0105 r\u0119k\u0119\u201d organizuj\u0105 pomoc medyczn\u0105, jednocze\u015bnie w jak najkr\u00f3tszym czasie informuj\u0105 biuro rajdu o zaistnia\u0142ej sytuacji i poczynionych krokach.<\/li>\n\n\n\n<li>Wa\u017cne numery telefon\u00f3w oraz adresy znajdowa\u0107 si\u0119 b\u0119d\u0105 w informacjach dla zawodnik\u00f3w.<\/li>\n<\/ul>\n\n\n\n<p><strong>15. Zakazy i obowi\u0105zki<\/strong><\/p>\n\n\n\n<ul>\n<li>Obowi\u0105zuje zakaz u\u017cywania urz\u0105dze\u0144 nawigacji satelitarnej w celu innym ni\u017c rejestracja (tracking) pokonywanej trasy.<\/li>\n\n\n\n<li>Niedozwolone jest korzystanie z innych map ni\u017c te, kt\u00f3re wr\u0119czy Organizator, pod gro\u017ab\u0105 dyskwalifikacji.<\/li>\n\n\n\n<li>Obowi\u0105zuje zakaz poruszania si\u0119 po uprawach rolnych i szk\u00f3\u0142kach le\u015bnych.<\/li>\n\n\n\n<li>Utrudnianie poruszania si\u0119 innym uczestnikom, \u015bwiadome wprowadzanie ich w b\u0142\u0105d, a w szczeg\u00f3lno\u015bci niszczenie lub zas\u0142anianie oznacze\u0144 punkt\u00f3w kontrolnych jest niedozwolone i karane dyskwalifikacj\u0105.<\/li>\n\n\n\n<li>Zabronione jest pozostawianie \u015bmieci i odpadk\u00f3w na trasie poza miejscami wyznaczonymi. Pozostawienie \u015bmieci w miejscu do tego niewyznaczonym karane b\u0119dzie dyskwalifikacj\u0105.<\/li>\n<\/ul>\n\n\n\n<p><strong>16. Protesty<\/strong><\/p>\n\n\n\n<ul>\n<li>Uczestnicy maj\u0105 prawo zg\u0142asza\u0107 swoje uwagi i protesty dotycz\u0105ce wynik\u00f3w imprezy do 3 dni od momentu ukazania si\u0119 wynik\u00f3w wst\u0119pnych na stronie internetowej imprezy. Po rozpatrzeniu wszystkich protest\u00f3w, wyniki b\u0119d\u0105 uznawane za oficjalne i ostateczne.<\/li>\n<\/ul>\n\n\n\n<p><strong>17. Wyniki<\/strong><\/p>\n\n\n\n<ul>\n<li>Wyniki zawod\u00f3w zostan\u0105 og\u0142oszone na stronie internetowej zawod\u00f3w (<a href=\"http:\/\/www.jatka.eu\/\">www.jatka.eu<\/a>)<\/li>\n\n\n\n<li>Organizator poda wyniki wst\u0119pne w terminie 3 dni roboczych od dnia zako\u0144czenia rywalizacji.<\/li>\n\n\n\n<li>Wyniki oficjalne powinny pojawi\u0107 si\u0119 nie p\u00f3\u017aniej ni\u017c 2 tyg. po zako\u0144czeniu zawod\u00f3w.<\/li>\n<\/ul>\n\n\n\n<p><strong>18. Postanowienia ko\u0144cowe<\/strong><\/p>\n\n\n\n<ul>\n<li>Impreza odb\u0119dzie si\u0119 bez wzgl\u0119du na panuj\u0105ce warunki atmosferyczne. Organizator zastrzega sobie prawo do modyfikacji trasy i godziny startu lub wyd\u0142u\u017cenia limitu czasowego w przypadku niesprzyjaj\u0105cych okoliczno\u015bci zagra\u017caj\u0105cych \u017cyciu lub zdrowiu uczestnik\u00f3w.<\/li>\n\n\n\n<li>Uczestnicy, kt\u00f3rzy nie zg\u0142osz\u0105 si\u0119 na start, trac\u0105 prawo do op\u0142aty startowej i \u015bwiadcze\u0144.<\/li>\n\n\n\n<li>Organizator zapewnia uczestnikom grupowe ubezpieczenie NNW na czas trwania rywalizacji sportowej.<\/li>\n\n\n\n<li>Uczestnicy ponosz\u0105 pe\u0142n\u0105 odpowiedzialno\u015b\u0107 za przestrzeganie zasad bezpiecze\u0144stwa oraz przepis\u00f3w prawa podczas pokonywania trasy.<\/li>\n\n\n\n<li>W przypadku stwierdzenia przez zawodnika sytuacji na trasie, kt\u00f3ra mo\u017ce stanowi\u0107 zagro\u017cenie dla innych zawodnik\u00f3w zobowi\u0105zany jest on do powiadomienia o tym fakcie Organizatora.<\/li>\n\n\n\n<li>Zg\u0142oszenie po 17 maja 2023r. roku nie gwarantuje pe\u0142nego pakietu \u015bwiadcze\u0144.<\/li>\n\n\n\n<li>Zawodnicy mog\u0105 uzupe\u0142nia\u0107 napoje oraz \u017cywno\u015b\u0107 w napotkanych po drodze sklepach.<\/li>\n\n\n\n<li>Uczestnicy imprezy wyra\u017caj\u0105 zgod\u0119 na publiczne og\u0142oszenie wynik\u00f3w wraz z danymi osobowymi (imi\u0119, nazwisko, data urodzenia i miejscowo\u015b\u0107 podane w zg\u0142oszeniu) oraz na publikacj\u0119 ich wizerunku oraz imienia i nazwiska w relacjach z imprezy zamieszczanych w mediach.<\/li>\n<\/ul>\n\n\n\n<div class=\"wp-block-file\"><object class=\"wp-block-file__embed\" data=\"https:\/\/jatka.eu\/wp-content\/uploads\/2023\/04\/2023-Regulamin-Jatka-Nowiny.pdf\" type=\"application\/pdf\" style=\"width:100%;height:600px\" aria-label=\"Osadzone z 2023-Regulamin-Jatka-Nowiny.\"><\/object><a id=\"wp-block-file--media-fab2e069-91ce-4df4-8e01-722c83e68beb\" href=\"https:\/\/jatka.eu\/wp-content\/uploads\/2023\/04\/2023-Regulamin-Jatka-Nowiny.pdf\">2023-Regulamin-Jatka-Nowiny<\/a><a href=\"https:\/\/jatka.eu\/wp-content\/uploads\/2023\/04\/2023-Regulamin-Jatka-Nowiny.pdf\" class=\"wp-block-file__button wp-element-button\" download aria-describedby=\"wp-block-file--media-fab2e069-91ce-4df4-8e01-722c83e68beb\">Pobierz<\/a><\/div>\n","protected":false},"excerpt":{"rendered":"<p>REGULAMIN IMPREZY NA ORIENTACJ\u0118 JATKA 1120 maja 2023r., Gmina Nowiny 1. Organizator Oxygen \u0141ukasz KorzeniewskiNIP 949 207 31 03tel. 505 27 55 28 2. Termin i miejsce 3. Trasy 4. Klasyfikacja 5. Rezygnacja w trakcie zawod\u00f3w 6. Limit czasu 7. Dyskwalifikacje Organizator zastrzega sobie prawo wycofania z trasy zawodnika: 8. [&hellip;]<\/p>\n","protected":false},"author":1,"featured_media":35,"parent":0,"menu_order":0,"comment_status":"closed","ping_status":"closed","template":"","meta":[],"_links":{"self":[{"href":"https:\/\/jatka.eu\/index.php\/wp-json\/wp\/v2\/pages\/21"}],"collection":[{"href":"https:\/\/jatka.eu\/index.php\/wp-json\/wp\/v2\/pages"}],"about":[{"href":"https:\/\/jatka.eu\/index.php\/wp-json\/wp\/v2\/types\/page"}],"author":[{"embeddable":true,"href":"https:\/\/jatka.eu\/index.php\/wp-json\/wp\/v2\/users\/1"}],"replies":[{"embeddable":true,"href":"https:\/\/jatka.eu\/index.php\/wp-json\/wp\/v2\/comments?post=21"}],"version-history":[{"count":8,"href":"https:\/\/jatka.eu\/index.php\/wp-json\/wp\/v2\/pages\/21\/revisions"}],"predecessor-version":[{"id":453,"href":"https:\/\/jatka.eu\/index.php\/wp-json\/wp\/v2\/pages\/21\/revisions\/453"}],"wp:featuredmedia":[{"embeddable":true,"href":"https:\/\/jatka.eu\/index.php\/wp-json\/wp\/v2\/media\/35"}],"wp:attachment":[{"href":"https:\/\/jatka.eu\/index.php\/wp-json\/wp\/v2\/media?parent=21"}],"curies":[{"name":"wp","href":"https:\/\/api.w.org\/{rel}","templated":true}]}}